{"id":728,"date":"2025-10-09T22:17:46","date_gmt":"2025-10-09T22:17:46","guid":{"rendered":"https:\/\/empalmetv.com\/?page_id=728"},"modified":"2025-10-09T22:29:57","modified_gmt":"2025-10-09T22:29:57","slug":"terminos-de-uso","status":"publish","type":"page","link":"https:\/\/empalmetv.com\/index.php\/terminos-de-uso\/","title":{"rendered":"Terminos de uso"},"content":{"rendered":"\n<h1 class=\"wp-block-heading\"><strong>T\u00e9rminos y Condiciones de Uso<\/strong><\/h1>\n\n\n\n<p><strong>\u00daltima actualizaci\u00f3n:<\/strong> Octubre de 2025<\/p>\n\n\n\n<p>Bienvenido(a) a <strong>Empalme TV<\/strong>.<br>El acceso y uso de este sitio web <a href=\"https:\/\/empalmetv.com\">https:\/\/empalmetv.com<\/a> se rigen por los presentes <strong>T\u00e9rminos y Condiciones de Uso<\/strong>, as\u00ed como por nuestra <strong>Pol\u00edtica de Privacidad<\/strong>.<br>Al acceder, navegar o utilizar este sitio, el usuario acepta expresamente estos t\u00e9rminos. Si no est\u00e1 de acuerdo con alguno de ellos, debe abstenerse de utilizar este portal.<\/p>\n\n\n\n<hr class=\"wp-block-separator has-alpha-channel-opacity\"\/>\n\n\n\n<h2 class=\"wp-block-heading\"><strong>1. Identidad del responsable del sitio<\/strong><\/h2>\n\n\n\n<p>El sitio <strong>Empalme TV<\/strong> es operado y administrado por su equipo editorial y t\u00e9cnico.<br>Para cualquier comunicaci\u00f3n relacionada con el uso del sitio, puede escribirnos a:<br>\ud83d\udce7admin@empalmetv.com<\/p>\n\n\n\n<hr class=\"wp-block-separator has-alpha-channel-opacity\"\/>\n\n\n\n<h2 class=\"wp-block-heading\"><strong>2. Aceptaci\u00f3n de las condiciones<\/strong><\/h2>\n\n\n\n<p>El uso de este sitio web implica la aceptaci\u00f3n plena y sin reservas de las presentes condiciones.<br>Empalme TV se reserva el derecho de modificar, actualizar o eliminar cualquier parte de estos t\u00e9rminos en cualquier momento, sin previo aviso. Las modificaciones entrar\u00e1n en vigencia desde su publicaci\u00f3n en esta misma p\u00e1gina.<\/p>\n\n\n\n<hr class=\"wp-block-separator has-alpha-channel-opacity\"\/>\n\n\n\n<h2 class=\"wp-block-heading\"><strong>3. Uso permitido del sitio<\/strong><\/h2>\n\n\n\n<p>El usuario se compromete a utilizar este sitio de manera <strong>l\u00edcita, responsable y respetuosa<\/strong>, y a no realizar ninguna de las siguientes acciones:<\/p>\n\n\n\n<ul class=\"wp-block-list\">\n<li>Publicar o transmitir contenido ilegal, ofensivo, difamatorio o que vulnere derechos de terceros.<\/li>\n\n\n\n<li>Manipular, modificar o eliminar informaci\u00f3n contenida en el sitio sin autorizaci\u00f3n.<\/li>\n\n\n\n<li>Usar el sitio con fines comerciales no autorizados o de env\u00edo de spam.<\/li>\n\n\n\n<li>Interferir o intentar da\u00f1ar el funcionamiento del sitio o sus sistemas de seguridad.<\/li>\n<\/ul>\n\n\n\n<p>Empalme TV podr\u00e1 restringir el acceso o eliminar cuentas de usuarios que incumplan estas normas.<\/p>\n\n\n\n<hr class=\"wp-block-separator has-alpha-channel-opacity\"\/>\n\n\n\n<h2 class=\"wp-block-heading\"><strong>4. Propiedad intelectual<\/strong><\/h2>\n\n\n\n<p>Todo el contenido de este sitio \u2014incluyendo textos, im\u00e1genes, logotipos, videos, dise\u00f1os, c\u00f3digo fuente y bases de datos\u2014 es propiedad de <strong>Empalme TV<\/strong> o de sus respectivos titulares de derechos, y est\u00e1 protegido por las leyes de propiedad intelectual nacionales e internacionales.<\/p>\n\n\n\n<p>No est\u00e1 permitido reproducir, distribuir, modificar o utilizar el contenido con fines comerciales sin autorizaci\u00f3n previa y por escrito de Empalme TV.<\/p>\n\n\n\n<hr class=\"wp-block-separator has-alpha-channel-opacity\"\/>\n\n\n\n<h2 class=\"wp-block-heading\"><strong>5. Publicaciones, comentarios y participaci\u00f3n<\/strong><\/h2>\n\n\n\n<p>Los usuarios pueden dejar comentarios o interactuar con contenidos publicados, siempre que:<\/p>\n\n\n\n<ul class=\"wp-block-list\">\n<li>No incluyan lenguaje ofensivo, discriminatorio o difamatorio.<\/li>\n\n\n\n<li>No vulneren derechos de autor ni privacidad de terceros.<\/li>\n\n\n\n<li>No promuevan actividades il\u00edcitas o contrarias al orden p\u00fablico.<\/li>\n<\/ul>\n\n\n\n<p>Empalme TV se reserva el derecho de eliminar, sin previo aviso, cualquier comentario o publicaci\u00f3n que viole estas reglas.<\/p>\n\n\n\n<hr class=\"wp-block-separator has-alpha-channel-opacity\"\/>\n\n\n\n<h2 class=\"wp-block-heading\"><strong>6. Enlaces externos<\/strong><\/h2>\n\n\n\n<p>El sitio puede contener enlaces hacia otros sitios web de terceros.<br>Empalme TV <strong>no se hace responsable<\/strong> del contenido, seguridad ni pr\u00e1cticas de privacidad de dichos sitios.<br>El acceso a enlaces externos se realiza bajo la responsabilidad exclusiva del usuario.<\/p>\n\n\n\n<hr class=\"wp-block-separator has-alpha-channel-opacity\"\/>\n\n\n\n<h2 class=\"wp-block-heading\"><strong>7. Responsabilidad y limitaci\u00f3n de garant\u00edas<\/strong><\/h2>\n\n\n\n<p>Empalme TV no garantiza la disponibilidad continua, libre de errores o segura del sitio, aunque realizar\u00e1 esfuerzos razonables para mantener su funcionamiento estable.<\/p>\n\n\n\n<p>En ning\u00fan caso <strong>Empalme TV<\/strong> ser\u00e1 responsable de:<\/p>\n\n\n\n<ul class=\"wp-block-list\">\n<li>Da\u00f1os directos o indirectos derivados del uso o imposibilidad de uso del sitio.<\/li>\n\n\n\n<li>P\u00e9rdida de informaci\u00f3n, lucro cesante o fallos t\u00e9cnicos.<\/li>\n\n\n\n<li>Da\u00f1os causados por virus inform\u00e1ticos o software malicioso.<\/li>\n<\/ul>\n\n\n\n<p>El usuario utiliza este sitio <strong>bajo su propio riesgo<\/strong>.<\/p>\n\n\n\n<hr class=\"wp-block-separator has-alpha-channel-opacity\"\/>\n\n\n\n<h2 class=\"wp-block-heading\"><strong>8. Protecci\u00f3n de datos personales<\/strong><\/h2>\n\n\n\n<p>Empalme TV cumple con la <strong>Ley No. 172-13 sobre Protecci\u00f3n de Datos Personales<\/strong>.<br>El tratamiento de datos personales se realiza conforme a nuestra <strong>Pol\u00edtica de Privacidad<\/strong>, disponible en:<br>\ud83d\udd17 <a>https:\/\/empalmetv.com\/politica-de-privacidad<\/a><\/p>\n\n\n\n<hr class=\"wp-block-separator has-alpha-channel-opacity\"\/>\n\n\n\n<h2 class=\"wp-block-heading\"><strong>9. Cookies<\/strong><\/h2>\n\n\n\n<p>Este sitio puede utilizar cookies para mejorar la experiencia de navegaci\u00f3n y analizar el tr\u00e1fico.<br>El uso de cookies se regula conforme a nuestra <strong>Pol\u00edtica de Cookies<\/strong> incluida dentro de la Pol\u00edtica de Privacidad.<\/p>\n\n\n\n<hr class=\"wp-block-separator has-alpha-channel-opacity\"\/>\n\n\n\n<h2 class=\"wp-block-heading\"><strong>10. Cuenta de usuario y credenciales<\/strong><\/h2>\n\n\n\n<p>Si el sitio permite el registro de usuarios, estos son responsables de mantener la confidencialidad de sus credenciales de acceso.<br>Empalme TV no se hace responsable por el uso no autorizado de cuentas si el usuario no protege adecuadamente sus datos de acceso.<\/p>\n\n\n\n<hr class=\"wp-block-separator has-alpha-channel-opacity\"\/>\n\n\n\n<h2 class=\"wp-block-heading\"><strong>11. Contenido generado por el usuario<\/strong><\/h2>\n\n\n\n<p>Cualquier contenido (comentarios, fotos, videos, textos) enviado por el usuario se entender\u00e1 como cedido a Empalme TV para su uso, publicaci\u00f3n y difusi\u00f3n dentro del marco del sitio y sus redes asociadas, sin generar derechos econ\u00f3micos al autor, salvo pacto expreso.<\/p>\n\n\n\n<hr class=\"wp-block-separator has-alpha-channel-opacity\"\/>\n\n\n\n<h2 class=\"wp-block-heading\"><strong>12. Modificaciones del servicio<\/strong><\/h2>\n\n\n\n<p>Empalme TV se reserva el derecho de modificar, suspender o interrumpir total o parcialmente el funcionamiento del sitio o de sus servicios en cualquier momento, sin necesidad de aviso previo.<\/p>\n\n\n\n<hr class=\"wp-block-separator has-alpha-channel-opacity\"\/>\n\n\n\n<h2 class=\"wp-block-heading\"><strong>13. Legislaci\u00f3n aplicable y jurisdicci\u00f3n<\/strong><\/h2>\n\n\n\n<p>Estos T\u00e9rminos y Condiciones se rigen por las leyes de la <strong>Rep\u00fablica Dominicana<\/strong>.<br>Cualquier controversia o reclamaci\u00f3n derivada del uso del sitio ser\u00e1 sometida a los tribunales competentes del Distrito Nacional, Santo Domingo, Rep\u00fablica Dominicana.<\/p>\n\n\n\n<hr class=\"wp-block-separator has-alpha-channel-opacity\"\/>\n\n\n\n<h2 class=\"wp-block-heading\"><strong>14. Contacto<\/strong><\/h2>\n\n\n\n<p>Si tienes dudas o inquietudes sobre estos T\u00e9rminos y Condiciones, puedes comunicarte con nosotros a trav\u00e9s de:<br>\ud83d\udce7 <strong><a>admin@empalmetv.com<\/a><\/strong><br>\ud83c\udf10 <a href=\"https:\/\/empalmetv.com\">https:\/\/empalmetv.com<\/a><\/p>\n","protected":false},"excerpt":{"rendered":"<p>T\u00e9rminos y Condiciones de Uso \u00daltima actualizaci\u00f3n: Octubre de 2025 Bienvenido(a) a Empalme TV.El acceso y uso de este sitio<\/p>\n","protected":false},"author":1,"featured_media":0,"parent":0,"menu_order":0,"comment_status":"closed","ping_status":"closed","template":"","meta":{"colormag_page_container_layout":"default_layout","colormag_page_sidebar_layout":"default_layout","footnotes":""},"class_list":["post-728","page","type-page","status-publish","hentry"],"magazineBlocksPostFeaturedMedia":{"thumbnail":false,"medium":false,"medium_large":false,"large":false,"1536x1536":false,"2048x2048":false,"colormag-highlighted-post":false,"colormag-featured-post-medium":false,"colormag-featured-post-small":false,"colormag-featured-image":false,"colormag-default-news":false,"colormag-featured-image-large":false,"colormag-elementor-block-extra-large-thumbnail":false,"colormag-elementor-grid-large-thumbnail":false,"colormag-elementor-grid-small-thumbnail":false,"colormag-elementor-grid-medium-large-thumbnail":false},"magazineBlocksPostAuthor":{"name":"admin","avatar":"https:\/\/secure.gravatar.com\/avatar\/24bb27f4a53ee1d6037c8312318231bd439ae686ffe1157932aca9ecca490654?s=96&d=mm&r=g"},"magazineBlocksPostCommentsNumber":false,"magazineBlocksPostExcerpt":"T\u00e9rminos y Condiciones de Uso \u00daltima actualizaci\u00f3n: Octubre de 2025 Bienvenido(a) a Empalme TV.El acceso y uso de este sitio","magazineBlocksPostCategories":[],"magazineBlocksPostViewCount":0,"magazineBlocksPostReadTime":5,"_links":{"self":[{"href":"https:\/\/empalmetv.com\/index.php\/wp-json\/wp\/v2\/pages\/728","targetHints":{"allow":["GET"]}}],"collection":[{"href":"https:\/\/empalmetv.com\/index.php\/wp-json\/wp\/v2\/pages"}],"about":[{"href":"https:\/\/empalmetv.com\/index.php\/wp-json\/wp\/v2\/types\/page"}],"author":[{"embeddable":true,"href":"https:\/\/empalmetv.com\/index.php\/wp-json\/wp\/v2\/users\/1"}],"replies":[{"embeddable":true,"href":"https:\/\/empalmetv.com\/index.php\/wp-json\/wp\/v2\/comments?post=728"}],"version-history":[{"count":2,"href":"https:\/\/empalmetv.com\/index.php\/wp-json\/wp\/v2\/pages\/728\/revisions"}],"predecessor-version":[{"id":734,"href":"https:\/\/empalmetv.com\/index.php\/wp-json\/wp\/v2\/pages\/728\/revisions\/734"}],"wp:attachment":[{"href":"https:\/\/empalmetv.com\/index.php\/wp-json\/wp\/v2\/media?parent=728"}],"curies":[{"name":"wp","href":"https:\/\/api.w.org\/{rel}","templated":true}]}}